{"id":5382,"date":"2024-10-11T12:44:24","date_gmt":"2024-10-11T12:44:24","guid":{"rendered":"https:\/\/panelbiblio.uca.es\/?page_id=5382"},"modified":"2025-10-16T11:30:45","modified_gmt":"2025-10-16T11:30:45","slug":"horarios-bibliotecas","status":"publish","type":"page","link":"https:\/\/panelbiblio.uca.es\/index.php\/horarios-bibliotecas\/","title":{"rendered":"HORARIOS BIBLIOTECAS"},"content":{"rendered":"\n<div style=\"position: relative; display: inline-block; width: 100%; height: auto;\">\n<div style=\"position: absolute; top: 0; left: 0; width: 35%; height: 100%; z-index: 10; opacity: 0; pointer-events: auto;\">\u00a0<\/div>\nConsulte el <strong>horario habitual<\/strong> de las Bibliotecas de la Universidad de C\u00e1diz, as\u00ed como los <strong>d\u00edas de cierre<\/strong> para cada Biblioteca.\n\n<iframe loading=\"lazy\" width=\"100%\" height=\"1350px\" style=\"border: none;\" src=\"https:\/\/dashboard.sitesandstats.com\/demo\/hdsf6vc7x5b21k3g\"><\/iframe>\n<\/div>\n","protected":false},"excerpt":{"rendered":"<p>\u00a0 Consulte el horario habitual de las Bibliotecas de la Universidad de C\u00e1diz, as\u00ed como los d\u00edas de cierre para cada Biblioteca.<\/p>\n","protected":false},"author":4,"featured_media":0,"parent":0,"menu_order":0,"comment_status":"closed","ping_status":"closed","template":"","meta":{"_eb_attr":"","footnotes":""},"class_list":["post-5382","page","type-page","status-publish","hentry"],"publishpress_future_action":{"enabled":false,"date":"2026-05-12 21:23:21","action":"change-status","newStatus":"draft","terms":[],"taxonomy":""},"_links":{"self":[{"href":"https:\/\/panelbiblio.uca.es\/index.php\/wp-json\/wp\/v2\/pages\/5382","targetHints":{"allow":["GET"]}}],"collection":[{"href":"https:\/\/panelbiblio.uca.es\/index.php\/wp-json\/wp\/v2\/pages"}],"about":[{"href":"https:\/\/panelbiblio.uca.es\/index.php\/wp-json\/wp\/v2\/types\/page"}],"author":[{"embeddable":true,"href":"https:\/\/panelbiblio.uca.es\/index.php\/wp-json\/wp\/v2\/users\/4"}],"replies":[{"embeddable":true,"href":"https:\/\/panelbiblio.uca.es\/index.php\/wp-json\/wp\/v2\/comments?post=5382"}],"version-history":[{"count":14,"href":"https:\/\/panelbiblio.uca.es\/index.php\/wp-json\/wp\/v2\/pages\/5382\/revisions"}],"predecessor-version":[{"id":7238,"href":"https:\/\/panelbiblio.uca.es\/index.php\/wp-json\/wp\/v2\/pages\/5382\/revisions\/7238"}],"wp:attachment":[{"href":"https:\/\/panelbiblio.uca.es\/index.php\/wp-json\/wp\/v2\/media?parent=5382"}],"curies":[{"name":"wp","href":"https:\/\/api.w.org\/{rel}","templated":true}]}}